{"id":364,"date":"2016-01-12T11:55:08","date_gmt":"2016-01-12T11:55:08","guid":{"rendered":"https:\/\/www.marionabueno.com\/new\/?page_id=364"},"modified":"2018-12-02T17:48:27","modified_gmt":"2018-12-02T17:48:27","slug":"taller","status":"publish","type":"page","link":"https:\/\/www.marionabueno.com\/index.php\/taller\/","title":{"rendered":"Taller"},"content":{"rendered":"<p><strong><a href=\"https:\/\/www.marionabueno.com\/wp-content\/uploads\/2016\/01\/6_vista.jpg\" rel=\"attachment wp-att-372\"><img loading=\"lazy\" decoding=\"async\" class=\"alignnone wp-image-372\" src=\"https:\/\/www.marionabueno.com\/wp-content\/uploads\/2016\/01\/6_vista.jpg\" alt=\"6_vista\" width=\"277\" height=\"208\" srcset=\"https:\/\/www.marionabueno.com\/wp-content\/uploads\/2016\/01\/6_vista.jpg 600w, https:\/\/www.marionabueno.com\/wp-content\/uploads\/2016\/01\/6_vista-300x225.jpg 300w, https:\/\/www.marionabueno.com\/wp-content\/uploads\/2016\/01\/6_vista-425x319.jpg 425w\" sizes=\"auto, (max-width: 277px) 100vw, 277px\" \/><\/a> <a href=\"https:\/\/www.marionabueno.com\/wp-content\/uploads\/2016\/01\/5_vista.jpg\" rel=\"attachment wp-att-371\"><img loading=\"lazy\" decoding=\"async\" class=\"alignnone wp-image-371\" src=\"https:\/\/www.marionabueno.com\/wp-content\/uploads\/2016\/01\/5_vista.jpg\" alt=\"5_vista\" width=\"277\" height=\"208\" srcset=\"https:\/\/www.marionabueno.com\/wp-content\/uploads\/2016\/01\/5_vista.jpg 600w, https:\/\/www.marionabueno.com\/wp-content\/uploads\/2016\/01\/5_vista-300x225.jpg 300w, https:\/\/www.marionabueno.com\/wp-content\/uploads\/2016\/01\/5_vista-425x319.jpg 425w\" sizes=\"auto, (max-width: 277px) 100vw, 277px\" \/><\/a> <a href=\"https:\/\/www.marionabueno.com\/wp-content\/uploads\/2016\/01\/3_vista.jpg\" rel=\"attachment wp-att-369\"><img loading=\"lazy\" decoding=\"async\" class=\"alignnone wp-image-369\" src=\"https:\/\/www.marionabueno.com\/wp-content\/uploads\/2016\/01\/3_vista.jpg\" alt=\"3_vista\" width=\"277\" height=\"208\" srcset=\"https:\/\/www.marionabueno.com\/wp-content\/uploads\/2016\/01\/3_vista.jpg 600w, https:\/\/www.marionabueno.com\/wp-content\/uploads\/2016\/01\/3_vista-300x225.jpg 300w, https:\/\/www.marionabueno.com\/wp-content\/uploads\/2016\/01\/3_vista-425x319.jpg 425w\" sizes=\"auto, (max-width: 277px) 100vw, 277px\" \/><\/a> <a href=\"https:\/\/www.marionabueno.com\/wp-content\/uploads\/2016\/01\/4_vista.jpg\" rel=\"attachment wp-att-370\"><img loading=\"lazy\" decoding=\"async\" class=\"alignnone wp-image-370\" src=\"https:\/\/www.marionabueno.com\/wp-content\/uploads\/2016\/01\/4_vista.jpg\" alt=\"4_vista\" width=\"277\" height=\"208\" srcset=\"https:\/\/www.marionabueno.com\/wp-content\/uploads\/2016\/01\/4_vista.jpg 600w, https:\/\/www.marionabueno.com\/wp-content\/uploads\/2016\/01\/4_vista-300x225.jpg 300w, https:\/\/www.marionabueno.com\/wp-content\/uploads\/2016\/01\/4_vista-425x319.jpg 425w\" sizes=\"auto, (max-width: 277px) 100vw, 277px\" \/><\/a> <a href=\"https:\/\/www.marionabueno.com\/wp-content\/uploads\/2016\/01\/1_vista.jpg\" rel=\"attachment wp-att-367\"><img loading=\"lazy\" decoding=\"async\" class=\"alignnone wp-image-367\" src=\"https:\/\/www.marionabueno.com\/wp-content\/uploads\/2016\/01\/1_vista.jpg\" alt=\"1_vista\" width=\"277\" height=\"208\" srcset=\"https:\/\/www.marionabueno.com\/wp-content\/uploads\/2016\/01\/1_vista.jpg 600w, https:\/\/www.marionabueno.com\/wp-content\/uploads\/2016\/01\/1_vista-300x225.jpg 300w, https:\/\/www.marionabueno.com\/wp-content\/uploads\/2016\/01\/1_vista-425x319.jpg 425w\" sizes=\"auto, (max-width: 277px) 100vw, 277px\" \/><\/a> <a href=\"https:\/\/www.marionabueno.com\/wp-content\/uploads\/2016\/01\/2_vista.jpg\" rel=\"attachment wp-att-368\"><img loading=\"lazy\" decoding=\"async\" class=\"alignnone wp-image-368\" src=\"https:\/\/www.marionabueno.com\/wp-content\/uploads\/2016\/01\/2_vista.jpg\" alt=\"2_vista\" width=\"277\" height=\"208\" srcset=\"https:\/\/www.marionabueno.com\/wp-content\/uploads\/2016\/01\/2_vista.jpg 600w, https:\/\/www.marionabueno.com\/wp-content\/uploads\/2016\/01\/2_vista-300x225.jpg 300w, https:\/\/www.marionabueno.com\/wp-content\/uploads\/2016\/01\/2_vista-425x319.jpg 425w\" sizes=\"auto, (max-width: 277px) 100vw, 277px\" \/><\/a><\/strong><\/p>\n<p><strong>CATAL\u00c0<\/strong><\/p>\n<p>En el meu taller imparteixo classes de dibuix i pintura en grups redu\u00eft, d&#8217;una a tres persones. El meu objectiu es formar Pintors, educar la nostra &#8220;mirada&#8221;.<\/p>\n<p>Comencem per aprendre qu\u00e8 \u00e9s el Dibuix i d&#8217;on ve, i passem tot seguit a saber mesurar el m\u00f3n que ens envolta. Dibuixar no \u00e9s res m\u00e9s que plasmar amb la m\u00e0xima fidelitat possible all\u00f2 que hom veu. Les eines que calen, passen per una t\u00e8cnica que ens ajuda a desenvolupar aquesta disciplina art\u00edstica. Mesurar, encaixar i tacar, en un principi a carbonet i despr\u00e9s a color, \u00e9s la din\u00e0mica i m\u00e8tode del meu treball. Les frustracions i pors s&#8217;intenten eliminar des d&#8217;un bon principi per sentir que dia a dia es va avan\u00e7ant.<\/p>\n<p>Pintar \u00e9s terap\u00e8utic, i no sols l&#8217;alumne apr\u00e8n una disciplina on s&#8217;expressar\u00e0 a partir d&#8217;ara, sin\u00f3 que tindr\u00e0 una eina m\u00e9s per cr\u00e9ixer com a persona. La pintura ensenya a mirar, es creix en valors de paci\u00e8ncia, i per tant de toler\u00e0ncia, es potencia la sensibilitat, la imaginaci\u00f3 i fantasia.<\/p>\n<p>Les t\u00e8cniques que comencem a emprar s\u00f3n el carbonet, l&#8217;acr\u00edlic, l&#8217;aquarel\u00b7la, la pintura al pastel, el fang.<\/p>\n<p>Les classes s\u00f3n sessions de dues hores, i un cop a la setmana, i com que jo estic sempre al meu taller, els horaris s\u00f3n molt variats.<\/p>\n<p>Us espero a pintar.<\/p>\n<p><strong>CASTELLANO<\/strong><\/p>\n<p>En mi taller imparto clases de Dibujo y Pintura en grupos muy reducidos, de una a tres personas. Mi objetivo es formar Pintores, a trav\u00e9s de la educaci\u00f3n de la &#8220;mirada&#8221;.<\/p>\n<p>Empezamos por aprender que es el Dibujo y de donde viene, y pasamos todo seguido a medir el mundo que nos rodea. Dibujar no es m\u00e1s que plasmar con la m\u00e1xima fidelidad posible lo que uno ve. Las herramientas que necesitamos, pasan por una t\u00e9cnica que nos ayuda a desarrollar esta disciplina art\u00edstica. Medir, encajar y valorar, en un principio a carboncillo y despu\u00e9s a color, es la din\u00e1mica y m\u00e9todo de mi trabajo. Las frustraciones y los miedos se intentan eliminar desde un buen principio, para notar que d\u00eda a d\u00eda se va avanzando.<\/p>\n<p>Pintar es terap\u00e9utico, y no s\u00f3lo el alumno aprende una disciplina donde se expresar\u00e1 a partir de ahora, sino que tendr\u00e1 una herramienta m\u00e1s para crecer como persona. La pintura ense\u00f1a a mirar, se potencian valores como la paciencia, tolerancia, sensibilidad, la imaginaci\u00f3n y fantas\u00eda.<\/p>\n<p>Las t\u00e9niques que empezamos a usar son el carboncillo, el acr\u00edlico, la acuarela, la pintura al pastel, el barro.<\/p>\n<p>Las clases son sesiones de dos horas, y una vez a la semana, y como estoy siempre en mi taller, los horarios son muy variados.<\/p>\n<p>Os espero a pintar.<\/p>\n<p><strong>ENGLISH<\/strong><\/p>\n<p>I teach drawing and painting in my studio in small intimate groups, usually ranging from 1 to 3 people. My aim is to form painters.<\/p>\n<p>We start with learning what is to draw and where it comes from, and we quickly start measuring the world around us. To draw is to express with maximum fidelity what we see. My method involves measuring, fitting, and staining with carbon at the beginning and then with colour. Fear and frustration are limitations that we get out of the way from the beginning in order to feel that we learning from day one.<\/p>\n<p>To paint is therapeutic. The student is going to learn a discipline that will allow him\/her to express him\/herself. Painting is a tool that helps a person grow. Painting teaches us how to see through colours and develops our patience and tolerance. It strengthens sensitivity, imagination and fantasy.<\/p>\n<p>The techniques we use from the beginning are charcoal, acrylics, watercolour, pastel and clay.<\/p>\n<p>The classes are two-hour sessions once a week and as I am always at my studio the schedule is very flexible.<\/p>\n","protected":false},"excerpt":{"rendered":"<p>CATAL\u00c0 En el meu taller imparteixo classes de dibuix i pintura en grups redu\u00eft, d&#8217;una a tres persones. El meu objectiu es formar Pintors, educar la nostra &#8220;mirada&#8221;. Comencem per aprendre qu\u00e8 \u00e9s el Dibuix i d&#8217;on ve, i passem tot seguit a saber mesurar el m\u00f3n que ens envolta. Dibuixar no \u00e9s res m\u00e9s [&hellip;]<\/p>\n","protected":false},"author":2,"featured_media":0,"parent":0,"menu_order":0,"comment_status":"closed","ping_status":"closed","template":"","meta":{"footnotes":""},"class_list":["post-364","page","type-page","status-publish","hentry"],"_links":{"self":[{"href":"https:\/\/www.marionabueno.com\/index.php\/wp-json\/wp\/v2\/pages\/364","targetHints":{"allow":["GET"]}}],"collection":[{"href":"https:\/\/www.marionabueno.com\/index.php\/wp-json\/wp\/v2\/pages"}],"about":[{"href":"https:\/\/www.marionabueno.com\/index.php\/wp-json\/wp\/v2\/types\/page"}],"author":[{"embeddable":true,"href":"https:\/\/www.marionabueno.com\/index.php\/wp-json\/wp\/v2\/users\/2"}],"replies":[{"embeddable":true,"href":"https:\/\/www.marionabueno.com\/index.php\/wp-json\/wp\/v2\/comments?post=364"}],"version-history":[{"count":14,"href":"https:\/\/www.marionabueno.com\/index.php\/wp-json\/wp\/v2\/pages\/364\/revisions"}],"predecessor-version":[{"id":906,"href":"https:\/\/www.marionabueno.com\/index.php\/wp-json\/wp\/v2\/pages\/364\/revisions\/906"}],"wp:attachment":[{"href":"https:\/\/www.marionabueno.com\/index.php\/wp-json\/wp\/v2\/media?parent=364"}],"curies":[{"name":"wp","href":"https:\/\/api.w.org\/{rel}","templated":true}]}}